{"id":1150,"date":"2024-01-02T08:44:09","date_gmt":"2024-01-02T08:44:09","guid":{"rendered":"https:\/\/sonyoshomes.com\/?page_id=1150"},"modified":"2024-09-13T08:23:12","modified_gmt":"2024-09-13T08:23:12","slug":"factos-estatisticas","status":"publish","type":"page","link":"https:\/\/sonyoshomes.com\/pt\/factos-estatisticas\/","title":{"rendered":"Factos &#038; Estat\u00edsticas"},"content":{"rendered":"<div data-elementor-type=\"wp-page\" data-elementor-id=\"1150\" class=\"elementor elementor-1150\" data-elementor-post-type=\"page\">\n\t\t\t\t<div class=\"elementor-element elementor-element-9560f82 e-con-full e-flex e-con e-parent\" data-id=\"9560f82\" data-element_type=\"container\" data-settings=\"{&quot;background_background&quot;:&quot;classic&quot;}\">\n\t\t\t\t<\/div>\n\t\t<div class=\"elementor-element elementor-element-0035df2 e-con-full e-flex e-con e-parent\" data-id=\"0035df2\" data-element_type=\"container\" data-settings=\"{&quot;background_background&quot;:&quot;classic&quot;}\">\n\t\t<div class=\"elementor-element elementor-element-3f09bf4 e-con-full e-flex e-con e-child\" data-id=\"3f09bf4\" data-element_type=\"container\">\n\t\t<div class=\"elementor-element elementor-element-25edaa3 e-con-full e-flex e-con e-child\" data-id=\"25edaa3\" data-element_type=\"container\" data-settings=\"{&quot;background_background&quot;:&quot;classic&quot;}\">\n\t\t\t\t<div class=\"elementor-element elementor-element-d3d498d elementor-hidden-desktop elementor-widget elementor-widget-heading\" data-id=\"d3d498d\" data-element_type=\"widget\" data-widget_type=\"heading.default\">\n\t\t\t\t<div class=\"elementor-widget-container\">\n\t\t\t\t\t<h2 class=\"elementor-heading-title elementor-size-default\">O setor do turismo continua a crescer em Portugal, com um aumento de quase 5% este ano em compara\u00e7\u00e3o com o ano passado (2023).<\/h2>\t\t\t\t<\/div>\n\t\t\t\t<\/div>\n\t\t\t\t<div class=\"elementor-element elementor-element-4969da8 elementor-align-left elementor-mobile-align-justify elementor-hidden-desktop elementor-widget elementor-widget-button\" data-id=\"4969da8\" data-element_type=\"widget\" data-widget_type=\"button.default\">\n\t\t\t\t<div class=\"elementor-widget-container\">\n\t\t\t\t\t\t\t\t\t<div class=\"elementor-button-wrapper\">\n\t\t\t\t\t<a class=\"elementor-button elementor-button-link elementor-size-sm\" href=\"https:\/\/travelbi.turismodeportugal.pt\/en\/accommodation\/overnight-stays\/\" target=\"_blank\">\n\t\t\t\t\t\t<span class=\"elementor-button-content-wrapper\">\n\t\t\t\t\t\t\t\t\t<span class=\"elementor-button-text\">Ver Dados Oficiais<\/span>\n\t\t\t\t\t<\/span>\n\t\t\t\t\t<\/a>\n\t\t\t\t<\/div>\n\t\t\t\t\t\t\t\t<\/div>\n\t\t\t\t<\/div>\n\t\t\t\t<div class=\"elementor-element elementor-element-df34af8 elementor-widget elementor-widget-heading\" data-id=\"df34af8\" data-element_type=\"widget\" data-widget_type=\"heading.default\">\n\t\t\t\t<div class=\"elementor-widget-container\">\n\t\t\t\t\t<h3 class=\"elementor-heading-title elementor-size-default\">\nN\u00famero de reservas em 2023 (Jan \u2013 Mai)<\/h3>\t\t\t\t<\/div>\n\t\t\t\t<\/div>\n\t\t\t\t<div class=\"elementor-element elementor-element-fbc6760 elementor-widget elementor-widget-image\" data-id=\"fbc6760\" data-element_type=\"widget\" data-widget_type=\"image.default\">\n\t\t\t\t<div class=\"elementor-widget-container\">\n\t\t\t\t\t\t\t\t\t\t\t\t\t\t\t<img fetchpriority=\"high\" decoding=\"async\" width=\"800\" height=\"427\" src=\"https:\/\/sonyoshomes.com\/wp-content\/uploads\/2024\/08\/transferir-1-1024x546.png\" class=\"attachment-large size-large wp-image-1542\" alt=\"\" srcset=\"https:\/\/sonyoshomes.com\/wp-content\/uploads\/2024\/08\/transferir-1-1024x546.png 1024w, https:\/\/sonyoshomes.com\/wp-content\/uploads\/2024\/08\/transferir-1-300x160.png 300w, https:\/\/sonyoshomes.com\/wp-content\/uploads\/2024\/08\/transferir-1-768x410.png 768w, https:\/\/sonyoshomes.com\/wp-content\/uploads\/2024\/08\/transferir-1-18x10.png 18w, https:\/\/sonyoshomes.com\/wp-content\/uploads\/2024\/08\/transferir-1.png 1132w\" sizes=\"(max-width: 800px) 100vw, 800px\" \/>\t\t\t\t\t\t\t\t\t\t\t\t\t\t\t<\/div>\n\t\t\t\t<\/div>\n\t\t\t\t<div class=\"elementor-element elementor-element-d3054fe elementor-widget elementor-widget-heading\" data-id=\"d3054fe\" data-element_type=\"widget\" data-widget_type=\"heading.default\">\n\t\t\t\t<div class=\"elementor-widget-container\">\n\t\t\t\t\t<h3 class=\"elementor-heading-title elementor-size-default\">\nN\u00famero de reservas em 2024 (Jan \u2013 Mai)<\/h3>\t\t\t\t<\/div>\n\t\t\t\t<\/div>\n\t\t\t\t<div class=\"elementor-element elementor-element-79f920a elementor-widget elementor-widget-image\" data-id=\"79f920a\" data-element_type=\"widget\" data-widget_type=\"image.default\">\n\t\t\t\t<div class=\"elementor-widget-container\">\n\t\t\t\t\t\t\t\t\t\t\t\t\t\t\t<img decoding=\"async\" width=\"800\" height=\"422\" src=\"https:\/\/sonyoshomes.com\/wp-content\/uploads\/2024\/08\/transferir-2-1024x540.png\" class=\"attachment-large size-large wp-image-1541\" alt=\"\" srcset=\"https:\/\/sonyoshomes.com\/wp-content\/uploads\/2024\/08\/transferir-2-1024x540.png 1024w, https:\/\/sonyoshomes.com\/wp-content\/uploads\/2024\/08\/transferir-2-300x158.png 300w, https:\/\/sonyoshomes.com\/wp-content\/uploads\/2024\/08\/transferir-2-768x405.png 768w, https:\/\/sonyoshomes.com\/wp-content\/uploads\/2024\/08\/transferir-2-18x9.png 18w, https:\/\/sonyoshomes.com\/wp-content\/uploads\/2024\/08\/transferir-2.png 1132w\" sizes=\"(max-width: 800px) 100vw, 800px\" \/>\t\t\t\t\t\t\t\t\t\t\t\t\t\t\t<\/div>\n\t\t\t\t<\/div>\n\t\t\t\t<\/div>\n\t\t<div class=\"elementor-element elementor-element-94a59c7 e-con-full e-flex e-con e-child\" data-id=\"94a59c7\" data-element_type=\"container\">\n\t\t\t\t<\/div>\n\t\t<div class=\"elementor-element elementor-element-14edc7f e-con-full elementor-hidden-tablet elementor-hidden-mobile e-flex e-con e-child\" data-id=\"14edc7f\" data-element_type=\"container\">\n\t\t\t\t<div class=\"elementor-element elementor-element-0f22e31 elementor-widget elementor-widget-heading\" data-id=\"0f22e31\" data-element_type=\"widget\" data-widget_type=\"heading.default\">\n\t\t\t\t<div class=\"elementor-widget-container\">\n\t\t\t\t\t<h2 class=\"elementor-heading-title elementor-size-default\">O setor do turismo continua a crescer em Portugal, com um aumento de quase 5% este ano em compara\u00e7\u00e3o com o ano passado (2023).<\/h2>\t\t\t\t<\/div>\n\t\t\t\t<\/div>\n\t\t\t\t<div class=\"elementor-element elementor-element-18c0c20 elementor-align-left elementor-widget elementor-widget-button\" data-id=\"18c0c20\" data-element_type=\"widget\" data-widget_type=\"button.default\">\n\t\t\t\t<div class=\"elementor-widget-container\">\n\t\t\t\t\t\t\t\t\t<div class=\"elementor-button-wrapper\">\n\t\t\t\t\t<a class=\"elementor-button elementor-button-link elementor-size-sm\" href=\"https:\/\/travelbi.turismodeportugal.pt\/en\/accommodation\/overnight-stays\/\" target=\"_blank\">\n\t\t\t\t\t\t<span class=\"elementor-button-content-wrapper\">\n\t\t\t\t\t\t\t\t\t<span class=\"elementor-button-text\">Ver Dados Oficiais<\/span>\n\t\t\t\t\t<\/span>\n\t\t\t\t\t<\/a>\n\t\t\t\t<\/div>\n\t\t\t\t\t\t\t\t<\/div>\n\t\t\t\t<\/div>\n\t\t\t\t<\/div>\n\t\t\t\t<\/div>\n\t\t\t\t<\/div>\n\t\t<div class=\"elementor-element elementor-element-b184ef7 e-con-full e-flex e-con e-parent\" data-id=\"b184ef7\" data-element_type=\"container\" data-settings=\"{&quot;background_background&quot;:&quot;classic&quot;}\">\n\t\t\t\t<\/div>\n\t\t\t\t<\/div>","protected":false},"excerpt":{"rendered":"<p>O setor do turismo continua a crescer em Portugal, com um aumento de quase 5% este ano em compara\u00e7\u00e3o com o ano passado (2023). Ver Dados Oficiais N\u00famero de reservas em 2023 (Jan \u2013 Mai) N\u00famero de reservas em 2024 (Jan \u2013 Mai) O setor do turismo continua a crescer em Portugal, com um aumento [&hellip;]<\/p>","protected":false},"author":1,"featured_media":1157,"parent":0,"menu_order":0,"comment_status":"closed","ping_status":"closed","template":"elementor_header_footer","meta":{"_acf_changed":false,"footnotes":""},"class_list":["post-1150","page","type-page","status-publish","has-post-thumbnail","hentry"],"acf":[],"yoast_head":"<!-- This site is optimized with the Yoast SEO plugin v25.9 - https:\/\/yoast.com\/wordpress\/plugins\/seo\/ -->\n<title>Factos &amp; Estat\u00edsticas - Sonyos Homes<\/title>\n<meta name=\"robots\" content=\"index, follow, max-snippet:-1, max-image-preview:large, max-video-preview:-1\" \/>\n<link rel=\"canonical\" href=\"https:\/\/sonyoshomes.com\/pt\/factos-estatisticas\/\" \/>\n<meta property=\"og:locale\" content=\"pt_PT\" \/>\n<meta property=\"og:type\" content=\"article\" \/>\n<meta property=\"og:title\" content=\"Factos &amp; Estat\u00edsticas - Sonyos Homes\" \/>\n<meta property=\"og:description\" content=\"O setor do turismo continua a crescer em Portugal, com um aumento de quase 5% este ano em compara\u00e7\u00e3o com o ano passado (2023). Ver Dados Oficiais N\u00famero de reservas em 2023 (Jan \u2013 Mai) N\u00famero de reservas em 2024 (Jan \u2013 Mai) O setor do turismo continua a crescer em Portugal, com um aumento [&hellip;]\" \/>\n<meta property=\"og:url\" content=\"https:\/\/sonyoshomes.com\/pt\/factos-estatisticas\/\" \/>\n<meta property=\"og:site_name\" content=\"Sonyos Homes\" \/>\n<meta property=\"article:modified_time\" content=\"2024-09-13T08:23:12+00:00\" \/>\n<meta property=\"og:image\" content=\"https:\/\/sonyoshomes.com\/wp-content\/uploads\/2024\/01\/Portugal-Turism2.jpg\" \/>\n\t<meta property=\"og:image:width\" content=\"1461\" \/>\n\t<meta property=\"og:image:height\" content=\"841\" \/>\n\t<meta property=\"og:image:type\" content=\"image\/jpeg\" \/>\n<meta name=\"twitter:card\" content=\"summary_large_image\" \/>\n<meta name=\"twitter:label1\" content=\"Tempo estimado de leitura\" \/>\n\t<meta name=\"twitter:data1\" content=\"1 minuto\" \/>\n<script type=\"application\/ld+json\" class=\"yoast-schema-graph\">{\"@context\":\"https:\/\/schema.org\",\"@graph\":[{\"@type\":\"WebPage\",\"@id\":\"https:\/\/sonyoshomes.com\/pt\/factos-estatisticas\/\",\"url\":\"https:\/\/sonyoshomes.com\/pt\/factos-estatisticas\/\",\"name\":\"Factos & Estat\u00edsticas - Sonyos Homes\",\"isPartOf\":{\"@id\":\"https:\/\/sonyoshomes.com\/pt\/#website\"},\"primaryImageOfPage\":{\"@id\":\"https:\/\/sonyoshomes.com\/pt\/factos-estatisticas\/#primaryimage\"},\"image\":{\"@id\":\"https:\/\/sonyoshomes.com\/pt\/factos-estatisticas\/#primaryimage\"},\"thumbnailUrl\":\"https:\/\/sonyoshomes.com\/wp-content\/uploads\/2024\/01\/Portugal-Turism2.jpg\",\"datePublished\":\"2024-01-02T08:44:09+00:00\",\"dateModified\":\"2024-09-13T08:23:12+00:00\",\"breadcrumb\":{\"@id\":\"https:\/\/sonyoshomes.com\/pt\/factos-estatisticas\/#breadcrumb\"},\"inLanguage\":\"pt-PT\",\"potentialAction\":[{\"@type\":\"ReadAction\",\"target\":[\"https:\/\/sonyoshomes.com\/pt\/factos-estatisticas\/\"]}]},{\"@type\":\"ImageObject\",\"inLanguage\":\"pt-PT\",\"@id\":\"https:\/\/sonyoshomes.com\/pt\/factos-estatisticas\/#primaryimage\",\"url\":\"https:\/\/sonyoshomes.com\/wp-content\/uploads\/2024\/01\/Portugal-Turism2.jpg\",\"contentUrl\":\"https:\/\/sonyoshomes.com\/wp-content\/uploads\/2024\/01\/Portugal-Turism2.jpg\",\"width\":1461,\"height\":841},{\"@type\":\"BreadcrumbList\",\"@id\":\"https:\/\/sonyoshomes.com\/pt\/factos-estatisticas\/#breadcrumb\",\"itemListElement\":[{\"@type\":\"ListItem\",\"position\":1,\"name\":\"Home\",\"item\":\"https:\/\/sonyoshomes.com\/pt\/registar-imovel\/\"},{\"@type\":\"ListItem\",\"position\":2,\"name\":\"Factos &#038; Estat\u00edsticas\"}]},{\"@type\":\"WebSite\",\"@id\":\"https:\/\/sonyoshomes.com\/pt\/#website\",\"url\":\"https:\/\/sonyoshomes.com\/pt\/\",\"name\":\"Sonyos Homes\",\"description\":\"Sonyos Homes is a revolutionary real estate management company with the mission of Creating Homes Away from Home. We help property owners to get amazing return on investment of their assets through short and medium rentals.\",\"publisher\":{\"@id\":\"https:\/\/sonyoshomes.com\/pt\/#organization\"},\"potentialAction\":[{\"@type\":\"SearchAction\",\"target\":{\"@type\":\"EntryPoint\",\"urlTemplate\":\"https:\/\/sonyoshomes.com\/pt\/?s={search_term_string}\"},\"query-input\":{\"@type\":\"PropertyValueSpecification\",\"valueRequired\":true,\"valueName\":\"search_term_string\"}}],\"inLanguage\":\"pt-PT\"},{\"@type\":\"Organization\",\"@id\":\"https:\/\/sonyoshomes.com\/pt\/#organization\",\"name\":\"Sonyos Homes\",\"url\":\"https:\/\/sonyoshomes.com\/pt\/\",\"logo\":{\"@type\":\"ImageObject\",\"inLanguage\":\"pt-PT\",\"@id\":\"https:\/\/sonyoshomes.com\/pt\/#\/schema\/logo\/image\/\",\"url\":\"https:\/\/sonyoshomes.com\/wp-content\/uploads\/2023\/09\/Sonyos_no_tag.png\",\"contentUrl\":\"https:\/\/sonyoshomes.com\/wp-content\/uploads\/2023\/09\/Sonyos_no_tag.png\",\"width\":1200,\"height\":878,\"caption\":\"Sonyos Homes \"},\"image\":{\"@id\":\"https:\/\/sonyoshomes.com\/pt\/#\/schema\/logo\/image\/\"}}]}<\/script>\n<!-- \/ Yoast SEO plugin. -->","yoast_head_json":{"title":"Factos & Estat\u00edsticas - Sonyos Homes","robots":{"index":"index","follow":"follow","max-snippet":"max-snippet:-1","max-image-preview":"max-image-preview:large","max-video-preview":"max-video-preview:-1"},"canonical":"https:\/\/sonyoshomes.com\/pt\/factos-estatisticas\/","og_locale":"pt_PT","og_type":"article","og_title":"Factos & Estat\u00edsticas - Sonyos Homes","og_description":"O setor do turismo continua a crescer em Portugal, com um aumento de quase 5% este ano em compara\u00e7\u00e3o com o ano passado (2023). Ver Dados Oficiais N\u00famero de reservas em 2023 (Jan \u2013 Mai) N\u00famero de reservas em 2024 (Jan \u2013 Mai) O setor do turismo continua a crescer em Portugal, com um aumento [&hellip;]","og_url":"https:\/\/sonyoshomes.com\/pt\/factos-estatisticas\/","og_site_name":"Sonyos Homes","article_modified_time":"2024-09-13T08:23:12+00:00","og_image":[{"width":1461,"height":841,"url":"https:\/\/sonyoshomes.com\/wp-content\/uploads\/2024\/01\/Portugal-Turism2.jpg","type":"image\/jpeg"}],"twitter_card":"summary_large_image","twitter_misc":{"Tempo estimado de leitura":"1 minuto"},"schema":{"@context":"https:\/\/schema.org","@graph":[{"@type":"WebPage","@id":"https:\/\/sonyoshomes.com\/pt\/factos-estatisticas\/","url":"https:\/\/sonyoshomes.com\/pt\/factos-estatisticas\/","name":"Factos & Estat\u00edsticas - Sonyos Homes","isPartOf":{"@id":"https:\/\/sonyoshomes.com\/pt\/#website"},"primaryImageOfPage":{"@id":"https:\/\/sonyoshomes.com\/pt\/factos-estatisticas\/#primaryimage"},"image":{"@id":"https:\/\/sonyoshomes.com\/pt\/factos-estatisticas\/#primaryimage"},"thumbnailUrl":"https:\/\/sonyoshomes.com\/wp-content\/uploads\/2024\/01\/Portugal-Turism2.jpg","datePublished":"2024-01-02T08:44:09+00:00","dateModified":"2024-09-13T08:23:12+00:00","breadcrumb":{"@id":"https:\/\/sonyoshomes.com\/pt\/factos-estatisticas\/#breadcrumb"},"inLanguage":"pt-PT","potentialAction":[{"@type":"ReadAction","target":["https:\/\/sonyoshomes.com\/pt\/factos-estatisticas\/"]}]},{"@type":"ImageObject","inLanguage":"pt-PT","@id":"https:\/\/sonyoshomes.com\/pt\/factos-estatisticas\/#primaryimage","url":"https:\/\/sonyoshomes.com\/wp-content\/uploads\/2024\/01\/Portugal-Turism2.jpg","contentUrl":"https:\/\/sonyoshomes.com\/wp-content\/uploads\/2024\/01\/Portugal-Turism2.jpg","width":1461,"height":841},{"@type":"BreadcrumbList","@id":"https:\/\/sonyoshomes.com\/pt\/factos-estatisticas\/#breadcrumb","itemListElement":[{"@type":"ListItem","position":1,"name":"Home","item":"https:\/\/sonyoshomes.com\/pt\/registar-imovel\/"},{"@type":"ListItem","position":2,"name":"Factos &#038; Estat\u00edsticas"}]},{"@type":"WebSite","@id":"https:\/\/sonyoshomes.com\/pt\/#website","url":"https:\/\/sonyoshomes.com\/pt\/","name":"Sonyos Homes","description":"Sonyos Homes is a revolutionary real estate management company with the mission of Creating Homes Away from Home. We help property owners to get amazing return on investment of their assets through short and medium rentals.","publisher":{"@id":"https:\/\/sonyoshomes.com\/pt\/#organization"},"potentialAction":[{"@type":"SearchAction","target":{"@type":"EntryPoint","urlTemplate":"https:\/\/sonyoshomes.com\/pt\/?s={search_term_string}"},"query-input":{"@type":"PropertyValueSpecification","valueRequired":true,"valueName":"search_term_string"}}],"inLanguage":"pt-PT"},{"@type":"Organization","@id":"https:\/\/sonyoshomes.com\/pt\/#organization","name":"Sonyos Homes","url":"https:\/\/sonyoshomes.com\/pt\/","logo":{"@type":"ImageObject","inLanguage":"pt-PT","@id":"https:\/\/sonyoshomes.com\/pt\/#\/schema\/logo\/image\/","url":"https:\/\/sonyoshomes.com\/wp-content\/uploads\/2023\/09\/Sonyos_no_tag.png","contentUrl":"https:\/\/sonyoshomes.com\/wp-content\/uploads\/2023\/09\/Sonyos_no_tag.png","width":1200,"height":878,"caption":"Sonyos Homes "},"image":{"@id":"https:\/\/sonyoshomes.com\/pt\/#\/schema\/logo\/image\/"}}]}},"_links":{"self":[{"href":"https:\/\/sonyoshomes.com\/pt\/wp-json\/wp\/v2\/pages\/1150","targetHints":{"allow":["GET"]}}],"collection":[{"href":"https:\/\/sonyoshomes.com\/pt\/wp-json\/wp\/v2\/pages"}],"about":[{"href":"https:\/\/sonyoshomes.com\/pt\/wp-json\/wp\/v2\/types\/page"}],"author":[{"embeddable":true,"href":"https:\/\/sonyoshomes.com\/pt\/wp-json\/wp\/v2\/users\/1"}],"replies":[{"embeddable":true,"href":"https:\/\/sonyoshomes.com\/pt\/wp-json\/wp\/v2\/comments?post=1150"}],"version-history":[{"count":49,"href":"https:\/\/sonyoshomes.com\/pt\/wp-json\/wp\/v2\/pages\/1150\/revisions"}],"predecessor-version":[{"id":1747,"href":"https:\/\/sonyoshomes.com\/pt\/wp-json\/wp\/v2\/pages\/1150\/revisions\/1747"}],"wp:featuredmedia":[{"embeddable":true,"href":"https:\/\/sonyoshomes.com\/pt\/wp-json\/wp\/v2\/media\/1157"}],"wp:attachment":[{"href":"https:\/\/sonyoshomes.com\/pt\/wp-json\/wp\/v2\/media?parent=1150"}],"curies":[{"name":"wp","href":"https:\/\/api.w.org\/{rel}","templated":true}]}}