{"id":424,"date":"2023-11-02T23:23:15","date_gmt":"2023-11-02T23:23:15","guid":{"rendered":"https:\/\/sonyoshomes.com\/?page_id=424"},"modified":"2024-09-13T07:41:24","modified_gmt":"2024-09-13T07:41:24","slug":"sobre","status":"publish","type":"page","link":"https:\/\/sonyoshomes.com\/pt\/sobre\/","title":{"rendered":"Sobre"},"content":{"rendered":"<div data-elementor-type=\"wp-page\" data-elementor-id=\"424\" class=\"elementor elementor-424\" data-elementor-post-type=\"page\">\n\t\t\t\t<div class=\"elementor-element elementor-element-41734c8 e-con-full e-flex e-con e-parent\" data-id=\"41734c8\" data-element_type=\"container\" data-settings=\"{&quot;background_background&quot;:&quot;classic&quot;}\">\n\t\t<div class=\"elementor-element elementor-element-ebd32e0 e-con-full e-flex e-con e-child\" data-id=\"ebd32e0\" data-element_type=\"container\">\n\t\t<div class=\"elementor-element elementor-element-d6d5aef e-con-full e-flex e-con e-child\" data-id=\"d6d5aef\" data-element_type=\"container\">\n\t\t<div class=\"elementor-element elementor-element-da2d47c e-con-full e-flex e-con e-child\" data-id=\"da2d47c\" data-element_type=\"container\" data-settings=\"{&quot;background_background&quot;:&quot;classic&quot;}\">\n\t\t\t\t<\/div>\n\t\t<div class=\"elementor-element elementor-element-0960d80 e-con-full e-flex e-con e-child\" data-id=\"0960d80\" data-element_type=\"container\" data-settings=\"{&quot;background_background&quot;:&quot;classic&quot;}\">\n\t\t\t\t<\/div>\n\t\t\t\t<\/div>\n\t\t<div class=\"elementor-element elementor-element-21ab5be e-con-full e-flex e-con e-child\" data-id=\"21ab5be\" data-element_type=\"container\">\n\t\t<div class=\"elementor-element elementor-element-4501c6d e-con-full e-flex e-con e-child\" data-id=\"4501c6d\" data-element_type=\"container\" data-settings=\"{&quot;background_background&quot;:&quot;classic&quot;}\">\n\t\t\t\t<\/div>\n\t\t<div class=\"elementor-element elementor-element-9392f5e e-con-full e-flex e-con e-child\" data-id=\"9392f5e\" data-element_type=\"container\" data-settings=\"{&quot;background_background&quot;:&quot;classic&quot;}\">\n\t\t\t\t<\/div>\n\t\t\t\t<\/div>\n\t\t\t\t<\/div>\n\t\t<div class=\"elementor-element elementor-element-57c9db0 e-con-full e-flex e-con e-child\" data-id=\"57c9db0\" data-element_type=\"container\">\n\t\t\t\t<\/div>\n\t\t<div class=\"elementor-element elementor-element-6b1e9b5 e-con-full e-flex e-con e-child\" data-id=\"6b1e9b5\" data-element_type=\"container\">\n\t\t\t\t<div class=\"elementor-element elementor-element-5d5612c elementor-widget elementor-widget-heading\" data-id=\"5d5612c\" data-element_type=\"widget\" data-widget_type=\"heading.default\">\n\t\t\t\t<div class=\"elementor-widget-container\">\n\t\t\t\t\t<h2 class=\"elementor-heading-title elementor-size-default\">Quem somos<\/h2>\t\t\t\t<\/div>\n\t\t\t\t<\/div>\n\t\t\t\t<div class=\"elementor-element elementor-element-2da9a03 elementor-widget elementor-widget-text-editor\" data-id=\"2da9a03\" data-element_type=\"widget\" data-widget_type=\"text-editor.default\">\n\t\t\t\t<div class=\"elementor-widget-container\">\n\t\t\t\t\t\t\t\t\t<p>A Sonyos \u00e9 mais do que apenas uma empresa de gest\u00e3o de arrendamento de im\u00f3veis de curta e m\u00e9dia dura\u00e7\u00e3o; somos profissionais dedicados e apaixonados em criar uma sensa\u00e7\u00e3o de Lar, longe de casa. O nosso profundo conhecimento do mercado imobili\u00e1rio portugu\u00eas permite-nos prestar um servi\u00e7o excepcional, tanto aos nossos parceiros e propriet\u00e1rios, como aos h\u00f3spedes.<\/p>\t\t\t\t\t\t\t\t<\/div>\n\t\t\t\t<\/div>\n\t\t\t\t<\/div>\n\t\t\t\t<\/div>\n\t\t<div class=\"elementor-element elementor-element-e0f57f1 e-con-full e-flex e-con e-parent\" data-id=\"e0f57f1\" data-element_type=\"container\" data-settings=\"{&quot;background_background&quot;:&quot;classic&quot;}\">\n\t\t<div class=\"elementor-element elementor-element-d41fb22 e-con-full e-flex e-con e-child\" data-id=\"d41fb22\" data-element_type=\"container\">\n\t\t<div class=\"elementor-element elementor-element-04503a6 e-con-full e-flex e-con e-child\" data-id=\"04503a6\" data-element_type=\"container\">\n\t\t\t\t<div class=\"elementor-element elementor-element-0ba915b elementor-widget elementor-widget-heading\" data-id=\"0ba915b\" data-element_type=\"widget\" data-widget_type=\"heading.default\">\n\t\t\t\t<div class=\"elementor-widget-container\">\n\t\t\t\t\t<h2 class=\"elementor-heading-title elementor-size-default\">Os nossos valores<\/h2>\t\t\t\t<\/div>\n\t\t\t\t<\/div>\n\t\t\t\t<\/div>\n\t\t<div class=\"elementor-element elementor-element-36e2ae0 e-con-full e-flex e-con e-child\" data-id=\"36e2ae0\" data-element_type=\"container\">\n\t\t\t\t<\/div>\n\t\t<div class=\"elementor-element elementor-element-75bb14f e-con-full e-flex e-con e-child\" data-id=\"75bb14f\" data-element_type=\"container\">\n\t\t\t\t<\/div>\n\t\t\t\t<\/div>\n\t\t\t\t<\/div>\n\t\t<div class=\"elementor-element elementor-element-7a18a5c e-con-full e-flex e-con e-parent\" data-id=\"7a18a5c\" data-element_type=\"container\" data-settings=\"{&quot;background_background&quot;:&quot;classic&quot;}\">\n\t\t<div class=\"elementor-element elementor-element-2eb6c57 e-con-full e-flex e-con e-child\" data-id=\"2eb6c57\" data-element_type=\"container\">\n\t\t<div class=\"elementor-element elementor-element-cb20b3b e-con-full e-flex e-con e-child\" data-id=\"cb20b3b\" data-element_type=\"container\" data-settings=\"{&quot;background_background&quot;:&quot;classic&quot;}\">\n\t\t\t\t<\/div>\n\t\t\t\t<div class=\"elementor-element elementor-element-052ba26 elementor-widget elementor-widget-heading\" data-id=\"052ba26\" data-element_type=\"widget\" data-widget_type=\"heading.default\">\n\t\t\t\t<div class=\"elementor-widget-container\">\n\t\t\t\t\t<h4 class=\"elementor-heading-title elementor-size-default\">Transpar\u00eancia<\/h4>\t\t\t\t<\/div>\n\t\t\t\t<\/div>\n\t\t\t\t<div class=\"elementor-element elementor-element-682850e elementor-widget elementor-widget-text-editor\" data-id=\"682850e\" data-element_type=\"widget\" data-widget_type=\"text-editor.default\">\n\t\t\t\t<div class=\"elementor-widget-container\">\n\t\t\t\t\t\t\t\t\t<p>Acreditamos na comunica\u00e7\u00e3o clara e honesta com nossos clientes. Na Sonyos, a transpar\u00eancia \u00e9 a base da confian\u00e7a e de uma parceria de sucesso. \u00c9 por isso que garantimos que a sua informa\u00e7\u00e3o est\u00e1 dispon\u00edvel de forma permanente e em tempo real, atrav\u00e9s de uma aplica\u00e7\u00e3o dedicada e que lhe permite monitorizar todas as transa\u00e7\u00f5es 24 horas por dia, 7 dias por semana.<\/p>\t\t\t\t\t\t\t\t<\/div>\n\t\t\t\t<\/div>\n\t\t\t\t<\/div>\n\t\t<div class=\"elementor-element elementor-element-9d98cbe e-con-full e-flex e-con e-child\" data-id=\"9d98cbe\" data-element_type=\"container\">\n\t\t<div class=\"elementor-element elementor-element-d6483a8 e-con-full e-flex e-con e-child\" data-id=\"d6483a8\" data-element_type=\"container\" data-settings=\"{&quot;background_background&quot;:&quot;classic&quot;}\">\n\t\t\t\t<\/div>\n\t\t\t\t<div class=\"elementor-element elementor-element-06efd02 elementor-widget elementor-widget-heading\" data-id=\"06efd02\" data-element_type=\"widget\" data-widget_type=\"heading.default\">\n\t\t\t\t<div class=\"elementor-widget-container\">\n\t\t\t\t\t<h4 class=\"elementor-heading-title elementor-size-default\">Credibilidade<\/h4>\t\t\t\t<\/div>\n\t\t\t\t<\/div>\n\t\t\t\t<div class=\"elementor-element elementor-element-e429a4d elementor-widget elementor-widget-text-editor\" data-id=\"e429a4d\" data-element_type=\"widget\" data-widget_type=\"text-editor.default\">\n\t\t\t\t<div class=\"elementor-widget-container\">\n\t\t\t\t\t\t\t\t\t<p>Estamos cientes do valor da tranquilidade neste sector e orgulhamo-nos de ser a parceira de confian\u00e7a dos nossos propriet\u00e1rios. A nossa credibilidade comprovada refor\u00e7a a seguran\u00e7a do seu investimento e garante que a execu\u00e7\u00e3o das suas reservas e opera\u00e7\u00f5es sejam constantemente bem executadas.<\/p>\t\t\t\t\t\t\t\t<\/div>\n\t\t\t\t<\/div>\n\t\t\t\t<\/div>\n\t\t<div class=\"elementor-element elementor-element-06fb39c e-con-full e-flex e-con e-child\" data-id=\"06fb39c\" data-element_type=\"container\">\n\t\t<div class=\"elementor-element elementor-element-5b54e37 e-con-full e-flex e-con e-child\" data-id=\"5b54e37\" data-element_type=\"container\" data-settings=\"{&quot;background_background&quot;:&quot;classic&quot;}\">\n\t\t\t\t<\/div>\n\t\t\t\t<div class=\"elementor-element elementor-element-2f2e268 elementor-widget elementor-widget-heading\" data-id=\"2f2e268\" data-element_type=\"widget\" data-widget_type=\"heading.default\">\n\t\t\t\t<div class=\"elementor-widget-container\">\n\t\t\t\t\t<h4 class=\"elementor-heading-title elementor-size-default\">Excel\u00eancia<\/h4>\t\t\t\t<\/div>\n\t\t\t\t<\/div>\n\t\t\t\t<div class=\"elementor-element elementor-element-39fcc2f elementor-widget elementor-widget-text-editor\" data-id=\"39fcc2f\" data-element_type=\"widget\" data-widget_type=\"text-editor.default\">\n\t\t\t\t<div class=\"elementor-widget-container\">\n\t\t\t\t\t\t\t\t\t<p>Compromisso de excel\u00eancia em todos os aspectos operacionais do neg\u00f3cio. Fornecemos servi\u00e7os de qualidade superior, que se traduzem directamente no aumento das reservas, e do seu rendimento enquanto propriet\u00e1rio.<\/p>\t\t\t\t\t\t\t\t<\/div>\n\t\t\t\t<\/div>\n\t\t\t\t<\/div>\n\t\t\t\t<\/div>\n\t\t<div class=\"elementor-element elementor-element-538fb35 e-con-full e-flex e-con e-parent\" data-id=\"538fb35\" data-element_type=\"container\" data-settings=\"{&quot;background_background&quot;:&quot;classic&quot;}\">\n\t\t<div class=\"elementor-element elementor-element-fc52c6e e-con-full e-flex e-con e-child\" data-id=\"fc52c6e\" data-element_type=\"container\">\n\t\t\t\t<div class=\"elementor-element elementor-element-89361b9 elementor-widget elementor-widget-image\" data-id=\"89361b9\" data-element_type=\"widget\" data-widget_type=\"image.default\">\n\t\t\t\t<div class=\"elementor-widget-container\">\n\t\t\t\t\t\t\t\t\t\t\t\t\t\t\t<img fetchpriority=\"high\" decoding=\"async\" width=\"800\" height=\"510\" src=\"https:\/\/sonyoshomes.com\/wp-content\/uploads\/2023\/11\/team-1024x653.jpg\" class=\"attachment-large size-large wp-image-637\" alt=\"\" srcset=\"https:\/\/sonyoshomes.com\/wp-content\/uploads\/2023\/11\/team-1024x653.jpg 1024w, https:\/\/sonyoshomes.com\/wp-content\/uploads\/2023\/11\/team-300x191.jpg 300w, https:\/\/sonyoshomes.com\/wp-content\/uploads\/2023\/11\/team-768x490.jpg 768w, https:\/\/sonyoshomes.com\/wp-content\/uploads\/2023\/11\/team.jpg 1190w\" sizes=\"(max-width: 800px) 100vw, 800px\" \/>\t\t\t\t\t\t\t\t\t\t\t\t\t\t\t<\/div>\n\t\t\t\t<\/div>\n\t\t\t\t<\/div>\n\t\t<div class=\"elementor-element elementor-element-7359ddb e-con-full e-flex e-con e-child\" data-id=\"7359ddb\" data-element_type=\"container\">\n\t\t\t\t<\/div>\n\t\t<div class=\"elementor-element elementor-element-36e5621 e-con-full e-flex e-con e-child\" data-id=\"36e5621\" data-element_type=\"container\">\n\t\t\t\t<div class=\"elementor-element elementor-element-ff7542b elementor-widget elementor-widget-heading\" data-id=\"ff7542b\" data-element_type=\"widget\" data-widget_type=\"heading.default\">\n\t\t\t\t<div class=\"elementor-widget-container\">\n\t\t\t\t\t<h2 class=\"elementor-heading-title elementor-size-default\">Equipa Sonyos<\/h2>\t\t\t\t<\/div>\n\t\t\t\t<\/div>\n\t\t\t\t<div class=\"elementor-element elementor-element-8d62817 elementor-widget elementor-widget-text-editor\" data-id=\"8d62817\" data-element_type=\"widget\" data-widget_type=\"text-editor.default\">\n\t\t\t\t<div class=\"elementor-widget-container\">\n\t\t\t\t\t\t\t\t\t<p>Somos uma equipa de profissionais experientes e dedicados, fluentes em v\u00e1rios idiomas e com a ambi\u00e7\u00e3o de continuamente expandir os limites, e revolucionar o mercado em que nos movemos. Enquanto marca, a nossa promessa \u00e9 a fazer com que cada h\u00f3spede se sinta em Casa, longe de Casa,\u00a0para cada h\u00f3spede, gerando maiores receitas para os nossos parceiros, os propriet\u00e1rios.<\/p><p>Atrav\u00e9s do nosso compromisso de confian\u00e7a e, focados na qualidade de servi\u00e7os,\u00a0 propomos estadias incr\u00edveis para os nossos h\u00f3spedes atrav\u00e9s de servi\u00e7os de excel\u00eancia, enquanto otimizamos custos operacionais, que resultam em maiores receitas e menos complica\u00e7\u00f5es para nossos propriet\u00e1rios. Cuidamos de todos os detalhes de forma dedicada, e asseguramos que os im\u00f3veis que gerimos s\u00e3o tratados e mantidos nas melhores condi\u00e7\u00f5es, tornando-os em ativos rent\u00e1veis para os nossos parceiros.<\/p>\t\t\t\t\t\t\t\t<\/div>\n\t\t\t\t<\/div>\n\t\t\t\t<\/div>\n\t\t\t\t<\/div>\n\t\t<div class=\"elementor-element elementor-element-7e56794 e-con-full e-flex e-con e-parent\" data-id=\"7e56794\" data-element_type=\"container\" data-settings=\"{&quot;background_background&quot;:&quot;classic&quot;}\">\n\t\t<div class=\"elementor-element elementor-element-d35ccff e-con-full e-flex e-con e-child\" data-id=\"d35ccff\" data-element_type=\"container\" data-settings=\"{&quot;background_background&quot;:&quot;classic&quot;}\">\n\t\t\t\t<div class=\"elementor-element elementor-element-cef3f9c elementor-widget elementor-widget-heading\" data-id=\"cef3f9c\" data-element_type=\"widget\" data-widget_type=\"heading.default\">\n\t\t\t\t<div class=\"elementor-widget-container\">\n\t\t\t\t\t<h2 class=\"elementor-heading-title elementor-size-default\">Contacte-nos<\/h2>\t\t\t\t<\/div>\n\t\t\t\t<\/div>\n\t\t\t\t<div class=\"elementor-element elementor-element-78e8e65 elementor-widget elementor-widget-text-editor\" data-id=\"78e8e65\" data-element_type=\"widget\" data-widget_type=\"text-editor.default\">\n\t\t\t\t<div class=\"elementor-widget-container\">\n\t\t\t\t\t\t\t\t\t<p>Ao dispor para qualquer quest\u00e3o ou feedback adicional<\/p>\t\t\t\t\t\t\t\t<\/div>\n\t\t\t\t<\/div>\n\t\t\t\t<div class=\"elementor-element elementor-element-dfe8387 elementor-align-left elementor-widget elementor-widget-button\" data-id=\"dfe8387\" data-element_type=\"widget\" data-widget_type=\"button.default\">\n\t\t\t\t<div class=\"elementor-widget-container\">\n\t\t\t\t\t\t\t\t\t<div class=\"elementor-button-wrapper\">\n\t\t\t\t\t<a class=\"elementor-button elementor-button-link elementor-size-sm\" href=\"https:\/\/sonyoshomes.com\/pt\/contactos\/\">\n\t\t\t\t\t\t<span class=\"elementor-button-content-wrapper\">\n\t\t\t\t\t\t\t\t\t<span class=\"elementor-button-text\">Contacte-nos<\/span>\n\t\t\t\t\t<\/span>\n\t\t\t\t\t<\/a>\n\t\t\t\t<\/div>\n\t\t\t\t\t\t\t\t<\/div>\n\t\t\t\t<\/div>\n\t\t\t\t<\/div>\n\t\t\t\t<\/div>\n\t\t\t\t<\/div>","protected":false},"excerpt":{"rendered":"<p>Quem somos A Sonyos \u00e9 mais do que apenas uma empresa de gest\u00e3o de arrendamento de im\u00f3veis de curta e m\u00e9dia dura\u00e7\u00e3o; somos profissionais dedicados e apaixonados em criar uma sensa\u00e7\u00e3o de Lar, longe de casa. O nosso profundo conhecimento do mercado imobili\u00e1rio portugu\u00eas permite-nos prestar um servi\u00e7o excepcional, tanto aos nossos parceiros e propriet\u00e1rios, [&hellip;]<\/p>","protected":false},"author":1,"featured_media":0,"parent":0,"menu_order":0,"comment_status":"closed","ping_status":"closed","template":"elementor_header_footer","meta":{"_acf_changed":false,"footnotes":""},"class_list":["post-424","page","type-page","status-publish","hentry"],"acf":[],"yoast_head":"<!-- This site is optimized with the Yoast SEO plugin v25.9 - https:\/\/yoast.com\/wordpress\/plugins\/seo\/ -->\n<title>Sobre - Sonyos Homes<\/title>\n<meta name=\"robots\" content=\"index, follow, max-snippet:-1, max-image-preview:large, max-video-preview:-1\" \/>\n<link rel=\"canonical\" href=\"https:\/\/sonyoshomes.com\/pt\/sobre\/\" \/>\n<meta property=\"og:locale\" content=\"pt_PT\" \/>\n<meta property=\"og:type\" content=\"article\" \/>\n<meta property=\"og:title\" content=\"Sobre - Sonyos Homes\" \/>\n<meta property=\"og:description\" content=\"Quem somos A Sonyos \u00e9 mais do que apenas uma empresa de gest\u00e3o de arrendamento de im\u00f3veis de curta e m\u00e9dia dura\u00e7\u00e3o; somos profissionais dedicados e apaixonados em criar uma sensa\u00e7\u00e3o de Lar, longe de casa. O nosso profundo conhecimento do mercado imobili\u00e1rio portugu\u00eas permite-nos prestar um servi\u00e7o excepcional, tanto aos nossos parceiros e propriet\u00e1rios, [&hellip;]\" \/>\n<meta property=\"og:url\" content=\"https:\/\/sonyoshomes.com\/pt\/sobre\/\" \/>\n<meta property=\"og:site_name\" content=\"Sonyos Homes\" \/>\n<meta property=\"article:modified_time\" content=\"2024-09-13T07:41:24+00:00\" \/>\n<meta property=\"og:image\" content=\"https:\/\/sonyoshomes.com\/wp-content\/uploads\/2023\/11\/team-1024x653.jpg\" \/>\n<meta name=\"twitter:card\" content=\"summary_large_image\" \/>\n<meta name=\"twitter:label1\" content=\"Tempo estimado de leitura\" \/>\n\t<meta name=\"twitter:data1\" content=\"2 minutos\" \/>\n<script type=\"application\/ld+json\" class=\"yoast-schema-graph\">{\"@context\":\"https:\/\/schema.org\",\"@graph\":[{\"@type\":\"WebPage\",\"@id\":\"https:\/\/sonyoshomes.com\/pt\/sobre\/\",\"url\":\"https:\/\/sonyoshomes.com\/pt\/sobre\/\",\"name\":\"Sobre - Sonyos Homes\",\"isPartOf\":{\"@id\":\"https:\/\/sonyoshomes.com\/pt\/#website\"},\"primaryImageOfPage\":{\"@id\":\"https:\/\/sonyoshomes.com\/pt\/sobre\/#primaryimage\"},\"image\":{\"@id\":\"https:\/\/sonyoshomes.com\/pt\/sobre\/#primaryimage\"},\"thumbnailUrl\":\"https:\/\/sonyoshomes.com\/wp-content\/uploads\/2023\/11\/team-1024x653.jpg\",\"datePublished\":\"2023-11-02T23:23:15+00:00\",\"dateModified\":\"2024-09-13T07:41:24+00:00\",\"breadcrumb\":{\"@id\":\"https:\/\/sonyoshomes.com\/pt\/sobre\/#breadcrumb\"},\"inLanguage\":\"pt-PT\",\"potentialAction\":[{\"@type\":\"ReadAction\",\"target\":[\"https:\/\/sonyoshomes.com\/pt\/sobre\/\"]}]},{\"@type\":\"ImageObject\",\"inLanguage\":\"pt-PT\",\"@id\":\"https:\/\/sonyoshomes.com\/pt\/sobre\/#primaryimage\",\"url\":\"https:\/\/sonyoshomes.com\/wp-content\/uploads\/2023\/11\/team-1024x653.jpg\",\"contentUrl\":\"https:\/\/sonyoshomes.com\/wp-content\/uploads\/2023\/11\/team-1024x653.jpg\"},{\"@type\":\"BreadcrumbList\",\"@id\":\"https:\/\/sonyoshomes.com\/pt\/sobre\/#breadcrumb\",\"itemListElement\":[{\"@type\":\"ListItem\",\"position\":1,\"name\":\"Home\",\"item\":\"https:\/\/sonyoshomes.com\/pt\/registar-imovel\/\"},{\"@type\":\"ListItem\",\"position\":2,\"name\":\"Sobre\"}]},{\"@type\":\"WebSite\",\"@id\":\"https:\/\/sonyoshomes.com\/pt\/#website\",\"url\":\"https:\/\/sonyoshomes.com\/pt\/\",\"name\":\"Sonyos Homes\",\"description\":\"Sonyos Homes is a revolutionary real estate management company with the mission of Creating Homes Away from Home. We help property owners to get amazing return on investment of their assets through short and medium rentals.\",\"publisher\":{\"@id\":\"https:\/\/sonyoshomes.com\/pt\/#organization\"},\"potentialAction\":[{\"@type\":\"SearchAction\",\"target\":{\"@type\":\"EntryPoint\",\"urlTemplate\":\"https:\/\/sonyoshomes.com\/pt\/?s={search_term_string}\"},\"query-input\":{\"@type\":\"PropertyValueSpecification\",\"valueRequired\":true,\"valueName\":\"search_term_string\"}}],\"inLanguage\":\"pt-PT\"},{\"@type\":\"Organization\",\"@id\":\"https:\/\/sonyoshomes.com\/pt\/#organization\",\"name\":\"Sonyos Homes\",\"url\":\"https:\/\/sonyoshomes.com\/pt\/\",\"logo\":{\"@type\":\"ImageObject\",\"inLanguage\":\"pt-PT\",\"@id\":\"https:\/\/sonyoshomes.com\/pt\/#\/schema\/logo\/image\/\",\"url\":\"https:\/\/sonyoshomes.com\/wp-content\/uploads\/2023\/09\/Sonyos_no_tag.png\",\"contentUrl\":\"https:\/\/sonyoshomes.com\/wp-content\/uploads\/2023\/09\/Sonyos_no_tag.png\",\"width\":1200,\"height\":878,\"caption\":\"Sonyos Homes \"},\"image\":{\"@id\":\"https:\/\/sonyoshomes.com\/pt\/#\/schema\/logo\/image\/\"}}]}<\/script>\n<!-- \/ Yoast SEO plugin. -->","yoast_head_json":{"title":"Sobre - Sonyos Homes","robots":{"index":"index","follow":"follow","max-snippet":"max-snippet:-1","max-image-preview":"max-image-preview:large","max-video-preview":"max-video-preview:-1"},"canonical":"https:\/\/sonyoshomes.com\/pt\/sobre\/","og_locale":"pt_PT","og_type":"article","og_title":"Sobre - Sonyos Homes","og_description":"Quem somos A Sonyos \u00e9 mais do que apenas uma empresa de gest\u00e3o de arrendamento de im\u00f3veis de curta e m\u00e9dia dura\u00e7\u00e3o; somos profissionais dedicados e apaixonados em criar uma sensa\u00e7\u00e3o de Lar, longe de casa. O nosso profundo conhecimento do mercado imobili\u00e1rio portugu\u00eas permite-nos prestar um servi\u00e7o excepcional, tanto aos nossos parceiros e propriet\u00e1rios, [&hellip;]","og_url":"https:\/\/sonyoshomes.com\/pt\/sobre\/","og_site_name":"Sonyos Homes","article_modified_time":"2024-09-13T07:41:24+00:00","og_image":[{"url":"https:\/\/sonyoshomes.com\/wp-content\/uploads\/2023\/11\/team-1024x653.jpg","type":"","width":"","height":""}],"twitter_card":"summary_large_image","twitter_misc":{"Tempo estimado de leitura":"2 minutos"},"schema":{"@context":"https:\/\/schema.org","@graph":[{"@type":"WebPage","@id":"https:\/\/sonyoshomes.com\/pt\/sobre\/","url":"https:\/\/sonyoshomes.com\/pt\/sobre\/","name":"Sobre - Sonyos Homes","isPartOf":{"@id":"https:\/\/sonyoshomes.com\/pt\/#website"},"primaryImageOfPage":{"@id":"https:\/\/sonyoshomes.com\/pt\/sobre\/#primaryimage"},"image":{"@id":"https:\/\/sonyoshomes.com\/pt\/sobre\/#primaryimage"},"thumbnailUrl":"https:\/\/sonyoshomes.com\/wp-content\/uploads\/2023\/11\/team-1024x653.jpg","datePublished":"2023-11-02T23:23:15+00:00","dateModified":"2024-09-13T07:41:24+00:00","breadcrumb":{"@id":"https:\/\/sonyoshomes.com\/pt\/sobre\/#breadcrumb"},"inLanguage":"pt-PT","potentialAction":[{"@type":"ReadAction","target":["https:\/\/sonyoshomes.com\/pt\/sobre\/"]}]},{"@type":"ImageObject","inLanguage":"pt-PT","@id":"https:\/\/sonyoshomes.com\/pt\/sobre\/#primaryimage","url":"https:\/\/sonyoshomes.com\/wp-content\/uploads\/2023\/11\/team-1024x653.jpg","contentUrl":"https:\/\/sonyoshomes.com\/wp-content\/uploads\/2023\/11\/team-1024x653.jpg"},{"@type":"BreadcrumbList","@id":"https:\/\/sonyoshomes.com\/pt\/sobre\/#breadcrumb","itemListElement":[{"@type":"ListItem","position":1,"name":"Home","item":"https:\/\/sonyoshomes.com\/pt\/registar-imovel\/"},{"@type":"ListItem","position":2,"name":"Sobre"}]},{"@type":"WebSite","@id":"https:\/\/sonyoshomes.com\/pt\/#website","url":"https:\/\/sonyoshomes.com\/pt\/","name":"Sonyos Homes","description":"Sonyos Homes is a revolutionary real estate management company with the mission of Creating Homes Away from Home. We help property owners to get amazing return on investment of their assets through short and medium rentals.","publisher":{"@id":"https:\/\/sonyoshomes.com\/pt\/#organization"},"potentialAction":[{"@type":"SearchAction","target":{"@type":"EntryPoint","urlTemplate":"https:\/\/sonyoshomes.com\/pt\/?s={search_term_string}"},"query-input":{"@type":"PropertyValueSpecification","valueRequired":true,"valueName":"search_term_string"}}],"inLanguage":"pt-PT"},{"@type":"Organization","@id":"https:\/\/sonyoshomes.com\/pt\/#organization","name":"Sonyos Homes","url":"https:\/\/sonyoshomes.com\/pt\/","logo":{"@type":"ImageObject","inLanguage":"pt-PT","@id":"https:\/\/sonyoshomes.com\/pt\/#\/schema\/logo\/image\/","url":"https:\/\/sonyoshomes.com\/wp-content\/uploads\/2023\/09\/Sonyos_no_tag.png","contentUrl":"https:\/\/sonyoshomes.com\/wp-content\/uploads\/2023\/09\/Sonyos_no_tag.png","width":1200,"height":878,"caption":"Sonyos Homes "},"image":{"@id":"https:\/\/sonyoshomes.com\/pt\/#\/schema\/logo\/image\/"}}]}},"_links":{"self":[{"href":"https:\/\/sonyoshomes.com\/pt\/wp-json\/wp\/v2\/pages\/424","targetHints":{"allow":["GET"]}}],"collection":[{"href":"https:\/\/sonyoshomes.com\/pt\/wp-json\/wp\/v2\/pages"}],"about":[{"href":"https:\/\/sonyoshomes.com\/pt\/wp-json\/wp\/v2\/types\/page"}],"author":[{"embeddable":true,"href":"https:\/\/sonyoshomes.com\/pt\/wp-json\/wp\/v2\/users\/1"}],"replies":[{"embeddable":true,"href":"https:\/\/sonyoshomes.com\/pt\/wp-json\/wp\/v2\/comments?post=424"}],"version-history":[{"count":56,"href":"https:\/\/sonyoshomes.com\/pt\/wp-json\/wp\/v2\/pages\/424\/revisions"}],"predecessor-version":[{"id":1741,"href":"https:\/\/sonyoshomes.com\/pt\/wp-json\/wp\/v2\/pages\/424\/revisions\/1741"}],"wp:attachment":[{"href":"https:\/\/sonyoshomes.com\/pt\/wp-json\/wp\/v2\/media?parent=424"}],"curies":[{"name":"wp","href":"https:\/\/api.w.org\/{rel}","templated":true}]}}